{"id":2,"date":"2023-05-09T16:39:27","date_gmt":"2023-05-09T14:39:27","guid":{"rendered":"http:\/\/innotech.eplus-enhance.eu\/?page_id=2"},"modified":"2023-12-07T01:46:34","modified_gmt":"2023-12-07T00:46:34","slug":"valeurs","status":"publish","type":"page","link":"https:\/\/innotech.eplus-enhance.eu\/index.php\/valeurs\/","title":{"rendered":"A propos"},"content":{"rendered":"\t\t<div data-elementor-type=\"wp-page\" data-elementor-id=\"2\" class=\"elementor elementor-2\">\n\t\t\t\t\t\t<section class=\"elementor-section elementor-top-section elementor-element elementor-element-3fa5d316 elementor-section-boxed elementor-section-height-default elementor-section-height-default\" data-id=\"3fa5d316\" data-element_type=\"section\">\n\t\t\t\t\t\t<div class=\"elementor-container elementor-column-gap-default\">\n\t\t\t\t\t<div class=\"elementor-column elementor-col-100 elementor-top-column elementor-element elementor-element-53d04584\" data-id=\"53d04584\" data-element_type=\"column\">\n\t\t\t<div class=\"elementor-widget-wrap elementor-element-populated\">\n\t\t\t\t\t\t<div class=\"elementor-element elementor-element-1aab834f elementor-widget elementor-widget-text-editor\" data-id=\"1aab834f\" data-element_type=\"widget\" data-widget_type=\"text-editor.default\">\n\t\t\t\t<div class=\"elementor-widget-container\">\n\t\t\t<style>\/*! elementor - v3.21.0 - 15-04-2024 *\/\n.elementor-widget-text-editor.elementor-drop-cap-view-stacked .elementor-drop-cap{background-color:#69727d;color:#fff}.elementor-widget-text-editor.elementor-drop-cap-view-framed .elementor-drop-cap{color:#69727d;border:3px solid;background-color:transparent}.elementor-widget-text-editor:not(.elementor-drop-cap-view-default) .elementor-drop-cap{margin-top:8px}.elementor-widget-text-editor:not(.elementor-drop-cap-view-default) .elementor-drop-cap-letter{width:1em;height:1em}.elementor-widget-text-editor .elementor-drop-cap{float:left;text-align:center;line-height:1;font-size:50px}.elementor-widget-text-editor .elementor-drop-cap-letter{display:inline-block}<\/style>\t\t\t\t<div id=\"Vision\">\n<h2><span style=\"color: #0266c4;\">Vision<\/span><\/h2>\n<blockquote>\n<p><!-- wp:paragraph --><\/p>\n<p><span style=\"color: #374151; font-family: S\u00f6hne, ui-sans-serif, system-ui, -apple-system, 'Segoe UI', Roboto, Ubuntu, Cantarell, 'Noto Sans', sans-serif, 'Helvetica Neue', Arial, 'Apple Color Emoji', 'Segoe UI Emoji', 'Segoe UI Symbol', 'Noto Color Emoji'; font-size: 16px; font-style: normal; white-space: pre-wrap; background-color: #f7f7f8;\">Notre vision est de devenir un centre d&#8217;innovation et de transfert technologique reconnu dans la r\u00e9gion de Nabeul et en Tunisie, en \u00e9tant un partenaire strat\u00e9gique pour les entreprises, les institutions et les organisations publiques dans la promotion de l&#8217;innovation, la durabilit\u00e9 et la croissance \u00e9conomique. Nous nous engageons \u00e0 offrir des services de qualit\u00e9, \u00e0 soutenir l&#8217;\u00e9cosyst\u00e8me entrepreneurial et \u00e0 cr\u00e9er de la valeur pour nos partenaires et la soci\u00e9t\u00e9<\/span><\/p>\n<p><!-- \/wp:paragraph --><\/p>\n<\/blockquote>\n<\/div>\n<div id=\"Objectifs\">\n<h2><span style=\"color: #0266c4;\">Objectifs<\/span><\/h2>\n<p>Les objectifs du centre sont :<\/p>\n<blockquote>\n<p><!-- wp:paragraph --><\/p>\n<ul>\n<li>Encourager la recherche et le d\u00e9veloppement de technologies qui ont un impact positif sur l&#8217;environnement, la sant\u00e9, l&#8217;industrie, ou le trourisme.<\/li>\n<li>D\u00e9velopper des programmes de formation et de mentorat pour les jeunes innovateurs.<\/li>\n<li>Contribuer \u00e0 la cr\u00e9ation d&#8217;un hub de technologie pour favoriser le d\u00e9veloppement de la communaut\u00e9 locale en fournissant des ressources technologiques et en facilitant l&#8217;interaction entre les entreprises, les universit\u00e9s et les habitants.<\/li>\n<li>Stimuler l&#8217;entrepreneuriat social en favorisant la cr\u00e9ation d&#8217;entreprises ayant un impact social ou environnemental positif.<\/li>\n<\/ul>\n<p><!-- \/wp:paragraph --><\/p>\n<\/blockquote>\n<\/div>\n<p><!-- \/wp:quote --><\/p>\n<p><!-- wp:paragraph --><\/p>\n<p><!-- \/wp:paragraph --><\/p>\n<\/div>\n\t\t\t\t\t\t<\/div>\n\t\t\t\t<\/div>\n\t\t\t\t\t<\/div>\n\t\t<\/div>\n\t\t\t\t\t<\/div>\n\t\t<\/section>\n\t\t\t\t<\/div>\n\t\t","protected":false},"excerpt":{"rendered":"<p>Vision Notre vision est de devenir un centre d&#8217;innovation et de transfert technologique reconnu dans la r\u00e9gion de Nabeul et en Tunisie, en \u00e9tant un partenaire strat\u00e9gique pour les entreprises, &#8230;<\/p>\n","protected":false},"author":1,"featured_media":0,"parent":0,"menu_order":0,"comment_status":"closed","ping_status":"closed","template":"template-fullwidth.php","meta":{"footnotes":""},"class_list":["post-2","page","type-page","status-publish","hentry"],"_links":{"self":[{"href":"https:\/\/innotech.eplus-enhance.eu\/index.php\/wp-json\/wp\/v2\/pages\/2","targetHints":{"allow":["GET"]}}],"collection":[{"href":"https:\/\/innotech.eplus-enhance.eu\/index.php\/wp-json\/wp\/v2\/pages"}],"about":[{"href":"https:\/\/innotech.eplus-enhance.eu\/index.php\/wp-json\/wp\/v2\/types\/page"}],"author":[{"embeddable":true,"href":"https:\/\/innotech.eplus-enhance.eu\/index.php\/wp-json\/wp\/v2\/users\/1"}],"replies":[{"embeddable":true,"href":"https:\/\/innotech.eplus-enhance.eu\/index.php\/wp-json\/wp\/v2\/comments?post=2"}],"version-history":[{"count":4,"href":"https:\/\/innotech.eplus-enhance.eu\/index.php\/wp-json\/wp\/v2\/pages\/2\/revisions"}],"predecessor-version":[{"id":812,"href":"https:\/\/innotech.eplus-enhance.eu\/index.php\/wp-json\/wp\/v2\/pages\/2\/revisions\/812"}],"wp:attachment":[{"href":"https:\/\/innotech.eplus-enhance.eu\/index.php\/wp-json\/wp\/v2\/media?parent=2"}],"curies":[{"name":"wp","href":"https:\/\/api.w.org\/{rel}","templated":true}]}}