{"id":32,"date":"2023-05-10T01:28:49","date_gmt":"2023-05-09T23:28:49","guid":{"rendered":"https:\/\/innotech.eplus-enhance.eu\/?page_id=32"},"modified":"2023-12-10T21:11:27","modified_gmt":"2023-12-10T20:11:27","slug":"accueil","status":"publish","type":"page","link":"https:\/\/innotech.eplus-enhance.eu\/","title":{"rendered":"Accueil"},"content":{"rendered":"\n<h2 class=\"wp-block-heading\">Innovation et technologie pour un avenir meilleur<\/h2>\n\n\n\n<p>Bienvenue sur le site web de notre centre d&#8217;innovation et de transfert technologique. Le centre offre une vari\u00e9t\u00e9 de services pour les institutions d&#8217;enseignement sup\u00e9rieur. Nous proposons des solutions technologiques pour am\u00e9liorer l&#8217;apprentissage et l&#8217;enseignement, des formations pour les enseignants et des conseils pour la gestion de projets.<\/p>\n\n\n\n<p><\/p>\n\n\n\n<p>Dans InnoTech, nous travaillons en \u00e9troite collaboration avec des partenaires universitaires et industriels pour offrir des solutions innovantes et durables. Nous sommes convaincus que la collaboration est la cl\u00e9 pour am\u00e9liorer l&#8217;enseignement sup\u00e9rieur.<\/p>\n\n\n\n<p>Nos domaines d&#8217;expertise incluent :<\/p>\n\n\n\n<ol class=\"wp-block-list\">\n<li>La recherche et d\u00e9veloppement<\/li>\n\n\n\n<li>L&#8217;incubation d&#8217;entreprises<\/li>\n\n\n\n<li>Le transfert technologique<\/li>\n\n\n\n<li>L&#8217;accompagnement des start-ups<\/li>\n\n\n\n<li>La formation et le conseil en innovation<\/li>\n<\/ol>\n\n\n\n<p><\/p>\n","protected":false},"excerpt":{"rendered":"<p>Innovation et technologie pour un avenir meilleur Bienvenue sur le site web de notre centre d&#8217;innovation et de transfert technologique. Le centre offre une vari\u00e9t\u00e9 de services pour les institutions &#8230;<\/p>\n","protected":false},"author":2,"featured_media":0,"parent":0,"menu_order":0,"comment_status":"closed","ping_status":"closed","template":"template-frontpage.php","meta":{"footnotes":""},"class_list":["post-32","page","type-page","status-publish","hentry"],"_links":{"self":[{"href":"https:\/\/innotech.eplus-enhance.eu\/index.php\/wp-json\/wp\/v2\/pages\/32","targetHints":{"allow":["GET"]}}],"collection":[{"href":"https:\/\/innotech.eplus-enhance.eu\/index.php\/wp-json\/wp\/v2\/pages"}],"about":[{"href":"https:\/\/innotech.eplus-enhance.eu\/index.php\/wp-json\/wp\/v2\/types\/page"}],"author":[{"embeddable":true,"href":"https:\/\/innotech.eplus-enhance.eu\/index.php\/wp-json\/wp\/v2\/users\/2"}],"replies":[{"embeddable":true,"href":"https:\/\/innotech.eplus-enhance.eu\/index.php\/wp-json\/wp\/v2\/comments?post=32"}],"version-history":[{"count":1,"href":"https:\/\/innotech.eplus-enhance.eu\/index.php\/wp-json\/wp\/v2\/pages\/32\/revisions"}],"predecessor-version":[{"id":542,"href":"https:\/\/innotech.eplus-enhance.eu\/index.php\/wp-json\/wp\/v2\/pages\/32\/revisions\/542"}],"wp:attachment":[{"href":"https:\/\/innotech.eplus-enhance.eu\/index.php\/wp-json\/wp\/v2\/media?parent=32"}],"curies":[{"name":"wp","href":"https:\/\/api.w.org\/{rel}","templated":true}]}}